{"id":2951,"date":"2020-04-20T13:55:43","date_gmt":"2020-04-20T16:55:43","guid":{"rendered":"http:\/\/pos-graduacao.direito.usp.br\/normas\/"},"modified":"2021-07-31T03:18:53","modified_gmt":"2021-07-31T06:18:53","slug":"normas","status":"publish","type":"page","link":"https:\/\/pos-graduacao.direito.usp.br\/en\/normas\/","title":{"rendered":"Rules"},"content":{"rendered":"<h2><span class=\"TextRun MacChromeBold SCXW233673012 BCX0\" lang=\"PT-BR\" xml:lang=\"PT-BR\" data-contrast=\"auto\"><span class=\"NormalTextRun SpellingErrorV2 SCXW233673012 BCX0 DefaultHighlightTransition\">Regulations<\/span><\/span><\/h2>\n<p><strong>&#8211; <span class=\"NormalTextRun BCX0 SCXW46775457\">USP General\u00a0<\/span><span class=\"NormalTextRun SpellingErrorV2 BCX0 DefaultHighlightTransition SCXW46775457\">regulation<\/span><\/strong><\/p>\n<p class=\"entry-title\"><a class=\"Hyperlink SCXW40272160 BCX0\" href=\"http:\/\/www.leginf.usp.br\/?resolucao=consolidada-resolucao-no-3745-de-19-de-outubro-de-1990\" target=\"_blank\" rel=\"noreferrer noopener\"><span class=\"TextRun Underlined SCXW40272160 BCX0\" lang=\"PT-BR\" xml:lang=\"PT-BR\" data-contrast=\"none\"><span class=\"NormalTextRun SCXW40272160 BCX0\" data-ccp-charstyle=\"Hyperlink\">RESOLU\u00c7\u00c3O N\u00ba 3745, DE 19 DE OUTUBRO DE 1990<\/span><\/span><\/a><span class=\"EOP SCXW40272160 BCX0\" data-ccp-props=\"{&quot;201341983&quot;:0,&quot;335559739&quot;:200,&quot;335559740&quot;:276}\">\u00a0<\/span><\/p>\n<p><strong>&#8211; <span class=\"NormalTextRun BCX0 SCXW230918460\">USP Post-<\/span><span class=\"NormalTextRun SpellingErrorV2 BCX0 DefaultHighlightTransition SCXW230918460\">graduation<\/span><span class=\"NormalTextRun BCX0 SCXW230918460\">\u00a0<\/span><span class=\"NormalTextRun SpellingErrorV2 BCX0 DefaultHighlightTransition SCXW230918460\">regulation<\/span><\/strong><\/p>\n<p><span style=\"color: #0000ff;\"><a style=\"color: #0000ff;\" href=\"http:\/\/www.leginf.usp.br\/?resolucao=resolucao-no-7493-de-27-de-marco-de-2018\">RESOLU\u00c7\u00c3O N\u00ba 7493, DE 27 DE MAR\u00c7O DE 2018<\/a><\/span><\/p>\n<p><b>&#8211; <span class=\"NormalTextRun BCX0 SCXW77424611\">Program Rules (<\/span><span class=\"NormalTextRun BCX0 SCXW77424611\">Post-graduation regulation<\/span><span class=\"NormalTextRun BCX0 SCXW77424611\">\u00a0\u2013\u00a0<\/span><span class=\"NormalTextRun SpellingErrorV2 BCX0 DefaultHighlightTransition SCXW77424611\">Resolu\u00e7\u00e3o<\/span><span class=\"NormalTextRun BCX0 SCXW77424611\">\u00a0n\u00ba 7493\/2018)<\/span><\/b><\/p>\n<ul>\n<li><a href=\"http:\/\/www.leginf.usp.br\/?resolucao=resolucao-copgr-no-7920-de-19-de-fevereiro-de-2020\" target=\"_blank\" rel=\"noopener noreferrer\"><span style=\"color: #0000ff;\">Regimento da CPG &#8211; RESOLU\u00c7\u00c3O CoPGr N\u00ba 7920, DE 19 DE FEVEREIRO DE 2020<\/span><br \/>\n<\/a><\/li>\n<li><span class=\"TextRun SCXW165166840 BCX0\" lang=\"EN-US\" xml:lang=\"EN-US\" data-contrast=\"auto\"><span class=\"NormalTextRun SCXW165166840 BCX0\">Program regulation<\/span><\/span><span class=\"TextRun SCXW165166840 BCX0\" lang=\"EN-US\" xml:lang=\"EN-US\" data-contrast=\"auto\"><span class=\"NormalTextRun SCXW165166840 BCX0\">\u00a0(<\/span><\/span><span class=\"TextRun SCXW165166840 BCX0\" lang=\"EN-US\" xml:lang=\"EN-US\" data-contrast=\"auto\"><span class=\"NormalTextRun SCXW165166840 BCX0\">under analysis<\/span><\/span><span class=\"TextRun SCXW165166840 BCX0\" lang=\"EN-US\" xml:lang=\"EN-US\" data-contrast=\"auto\"><span class=\"NormalTextRun SCXW165166840 BCX0\">)<\/span><\/span><\/li>\n<\/ul>\n<p><b>&#8211;<span class=\"TextRun MacChromeBold SCXW155502592 BCX0\" lang=\"EN-US\" xml:lang=\"EN-US\" data-contrast=\"auto\"><span class=\"NormalTextRun SCXW155502592 BCX0\">Program Rules (Post-graduation regulation\u00a0<\/span><span class=\"NormalTextRun SCXW155502592 BCX0\">\u2013\u00a0<\/span><span class=\"NormalTextRun SpellingErrorV2 SCXW155502592 BCX0\">Resolu\u00e7\u00e3o<\/span><span class=\"NormalTextRun SCXW155502592 BCX0\">\u00a0n\u00ba 6542\/2013)<\/span><\/span><span class=\"EOP SCXW155502592 BCX0\" data-ccp-props=\"{&quot;201341983&quot;:0,&quot;335559739&quot;:200,&quot;335559740&quot;:276}\">\u00a0<\/span><\/b><\/p>\n<ul>\n<li><a title=\"Regimento da Comiss\u00e3o de P\u00f3s-Gradua\u00e7\u00e3o\" href=\"http:\/\/www.leginf.usp.br\/?resolucao=resolucao-copgr-6725-de-5-de-fevereiro-de-2014\" target=\"_blank\" rel=\"noopener noreferrer\"><span style=\"color: #0000ff;\">Regimento da CPG -RESOLU\u00c7\u00c3O CoPGr N\u00ba 6725, DE 05 DE FEVEREIRO DE 2014<\/span><br \/>\n<\/a><\/li>\n<li><a title=\"Regulamento do Programa de P\u00f3s-Gradua\u00e7\u00e3o\" href=\"http:\/\/www.leginf.usp.br\/?resolucao=resolucao-copgr-6726-de-05-de-fevereiro-de-2014\" target=\"_blank\" rel=\"noopener noreferrer\"><span style=\"color: #0000ff;\">Regulamento do Programa &#8211; RESOLU\u00c7\u00c3O CoPGr N\u00ba 6726, DE 05 DE FEVEREIRO DE 2014<\/span><br \/>\n<\/a><\/li>\n<\/ul>\n<h2><span class=\"TextRun MacChromeBold SCXW92691869 BCX0\" lang=\"EN-US\" xml:lang=\"EN-US\" data-contrast=\"auto\"><span class=\"NormalTextRun SCXW92691869 BCX0\">Deliberations\u00a0<\/span><\/span><\/h2>\n<ul>\n<li><a href=\"http:\/\/pos-graduacao.direito.usp.br\/wp-content\/uploads\/2021\/05\/Deliberacao-CPG-FDUSP-no-04-Revogacao-Resolucao-01_16-Alteracao-de-titulo.pdf\"><span style=\"color: #000080;\"><span style=\"color: #0000ff;\">Delibera\u00e7\u00e3o CPG-FD-USP n\u00ba04\/21<\/span><\/span><\/a> &#8211; Disp\u00f5e sobre o prazo para solicita\u00e7\u00e3o de altera\u00e7\u00e3o de t\u00edtulo de Disserta\u00e7\u00e3o de Mestrado ou Tese de Doutorado e revoga a Delibera\u00e7\u00e3o CPG-FD\/USP n\u00ba1\/2016.<\/li>\n<li><span style=\"color: #0000ff;\"><a style=\"color: #0000ff;\" href=\"http:\/\/pos-graduacao.direito.usp.br\/wp-content\/uploads\/2021\/05\/Deliberacao-CPG-FD-USP-no-03-Acoes-Afirmativas-alteracao.pdf\">Deliberacao CPG-FD-U<span style=\"color: #0000ff;\">SP n\u00ba 03\/21<\/span> <\/a><\/span>&#8211; Altera o PAF &#8211; Programa de A\u00e7\u00f5es Afirmativas da CPG-FD.<\/li>\n<li><a href=\"http:\/\/pos-graduacao.direito.usp.br\/wp-content\/uploads\/2021\/05\/Deliberacao-CPG-FD-USP-no-02-Acoes-Afirmativas.pdf\"><span style=\"color: #0000ff;\">Delibera\u00e7\u00e3o CPG-FD-USP n\u00ba 02\/21<\/span><\/a> &#8211; Cria o PAF Programa de A\u00e7\u00f5es Afirmativas da CPG-FD.<\/li>\n<li><span style=\"color: #0000ff;\"><a style=\"color: #0000ff;\" href=\"http:\/\/pos-graduacao.direito.usp.br\/wp-content\/uploads\/2021\/05\/Deliberacao-CPG-FD-USP-no-01-Docentes-externos.pdf\">Delibera\u00e7\u00e3o CPG-FD-USP n\u00ba 01\/21<\/a> <\/span>&#8211; Disciplina a participa\u00e7\u00e3o de docentes externos ao Programa de P\u00f3s-Gradua\u00e7\u00e3o em atividades did\u00e1ticas.<\/li>\n<li><a href=\"http:\/\/pos-graduacao.direito.usp.br\/wp-content\/uploads\/2021\/04\/Deliberacao-FD-02-2020-credenciamento-e-recredenciamento-de-docente-na-Pos-com-errata.pdf\"><span style=\"color: #0000ff;\">Delibera\u00e7\u00e3o FD 02\/2020 <\/span><\/a><span style=\"color: #333333;\">&#8211; Disp\u00f5e sobre credenciamento e recredenciamento de orientadores no Programa de P\u00f3s-gradua\u00e7\u00e3o.<\/span><\/li>\n<li><span style=\"color: #0000ff;\"><a style=\"color: #0000ff;\" href=\"http:\/\/pos-graduacao.direito.usp.br\/wp-content\/uploads\/2021\/05\/DELIBERACAO-CPGFDUSP-no-032019-Norma-sobre-a-aplicacao-do-Programa-de-Mobilidade-de-Estudantes-de-Instituicoes-Nacionais-no-ambito-da-PGD.pdf\">Delibera\u00e7\u00e3o CPG-FD-USP n\u00ba 03\/19 <\/a><\/span><span style=\"color: #333333;\">\u00a0&#8211; Norma sobre a aplica\u00e7\u00e3o do Programa de Mobilidade de Estudantes de Institui\u00e7\u00f5es Nacionais no \u00e2mbito da PGD<\/span><\/li>\n<li><span style=\"color: #0000ff;\"><a style=\"color: #0000ff;\" href=\"http:\/\/pos-graduacao.direito.usp.br\/wp-content\/uploads\/2021\/04\/resolucao_fd_pos_03_2014.pdf\">Resolucao FD pos n\u00ba 03\/14<\/a><\/span>-Disp\u00f5e sobre as normas de reg\u00eancia dos elementos pr\u00e9-textuais para o dep\u00f3sito dos Projetos de Qualifica\u00e7\u00e3o, das Teses e das Disserta\u00e7\u00f5es<span class=\"style10\"> (Publicado em 06\/11\/2014).<\/span><\/li>\n<\/ul>\n<h2><span class=\"TextRun MacChromeBold SCXW21674253 BCX0\" lang=\"EN-US\" xml:lang=\"EN-US\" data-contrast=\"auto\"><span class=\"NormalTextRun SCXW21674253 BCX0\">Circular<\/span><span class=\"NormalTextRun SCXW21674253 BCX0\">s<\/span><\/span><\/h2>\n<h3 style=\"text-align: left;\">2021<\/h3>\n<ul>\n<li><span style=\"color: #0000ff;\"><a style=\"color: #0000ff;\" href=\"http:\/\/pos-graduacao.direito.usp.br\/wp-content\/uploads\/2021\/06\/Circ-CPGFD-05_21-Esclarecimentos-sobre-cadastro-das-Prorrogacoes-de-Prazo.pdf\">Circ CPGFD 05_21<\/a><\/span> &#8211; Esclarecimentos sobre cadastro das Prorroga\u00e7\u00f5es de Prazo<\/li>\n<li><span style=\"color: #0000ff;\"><a style=\"color: #0000ff;\" href=\"http:\/\/pos-graduacao.direito.usp.br\/wp-content\/uploads\/2021\/05\/Circ-CPGFD-03_21-Extensao-das-Prorrogacoes-de-Prazo.pdf\">Circ CPGFD 03_21 <\/a><\/span>\u00a0&#8211; Extens\u00e3o das Prorroga\u00e7\u00f5es de Prazo.<\/li>\n<li><span style=\"color: #0000ff;\"><a style=\"color: #0000ff;\" href=\"http:\/\/pos-graduacao.direito.usp.br\/wp-content\/uploads\/2021\/04\/Circ-CPGFD-02_21-Procedimentos-para-EQ-Deposito-e-Defesa.pdf\">Circ CPGFD 02_21 <\/a>&#8211;<\/span>Procedimentos para Inscri\u00e7\u00e3o em Exame de Qualifica\u00e7\u00e3o, Dep\u00f3sito, Exame de Qualifica\u00e7\u00e3o e Defesa.<\/li>\n<\/ul>\n<h3 style=\"text-align: left;\">2020<\/h3>\n<ul>\n<li><span style=\"color: #0000ff;\"><a style=\"color: #0000ff;\" href=\"http:\/\/pos-graduacao.direito.usp.br\/wp-content\/uploads\/2021\/04\/Circ.CPGFD-11_20-Extensao-das-Prorrogacoes-de-Prazo.pdf\">Circ.CPGFD 11_20<\/a>\u00a0&#8211;<\/span> Extens\u00e3o das Prorroga\u00e7\u00f5es de Prazo.<\/li>\n<\/ul>\n<h2><span class=\"TextRun MacChromeBold SCXW134589990 BCX0\" lang=\"EN-US\" xml:lang=\"EN-US\" data-contrast=\"auto\"><span class=\"NormalTextRun SCXW134589990 BCX0\">Ordinances<\/span><\/span><\/h2>\n<ul>\n<li><span style=\"color: #0000ff;\"><a style=\"color: #0000ff;\" href=\"http:\/\/pos-graduacao.direito.usp.br\/wp-content\/uploads\/2021\/04\/PORTARIA-CPG-FD-02_2021-Coordenacao-do-Processo-Seletivo-para-alunos-regulares-2021-2022.pdf\">PORTARIA CPG FD\u00a0 02\/21 <\/a><\/span>&#8211; Coordena\u00e7\u00e3o do Processo Seletivo para alunos regulares 2021-2022.<\/li>\n<li><a href=\"http:\/\/pos-graduacao.direito.usp.br\/wp-content\/uploads\/2021\/04\/PORTARIA-CPG-FD-01_2021-Comissao-Acoes-afirmativas.pdf\"><span style=\"color: #0000ff;\">PORTARIA CPG FD 01\/21<\/span>\u00a0<\/a>&#8211; Comiss\u00e3o Especial sobre A\u00e7\u00f5es Afirmativas.<\/li>\n<\/ul>\n","protected":false},"excerpt":{"rendered":"<p>Regulations &#8211; USP General\u00a0regulation RESOLU\u00c7\u00c3O N\u00ba 3745, DE 19 DE OUTUBRO DE 1990\u00a0 &#8211; USP Post-graduation\u00a0regulation RESOLU\u00c7\u00c3O N\u00ba 7493, DE 27 DE MAR\u00c7O DE 2018 &#8211; Program Rules (Post-graduation regulation\u00a0\u2013\u00a0Resolu\u00e7\u00e3o\u00a0n\u00ba 7493\/2018) Regimento da CPG &#8211; RESOLU\u00c7\u00c3O CoPGr N\u00ba 7920, DE 19 DE FEVEREIRO DE 2020 Program regulation\u00a0(under analysis) &#8211;Program Rules (Post-graduation regulation\u00a0\u2013\u00a0Resolu\u00e7\u00e3o\u00a0n\u00ba 6542\/2013)\u00a0 Regimento da [&hellip;]<\/p>\n","protected":false},"author":1,"featured_media":0,"parent":0,"menu_order":33,"comment_status":"closed","ping_status":"closed","template":"","meta":{"_acf_changed":false,"footnotes":""},"class_list":["post-2951","page","type-page","status-publish","hentry"],"acf":[],"_links":{"self":[{"href":"https:\/\/pos-graduacao.direito.usp.br\/en\/wp-json\/wp\/v2\/pages\/2951","targetHints":{"allow":["GET"]}}],"collection":[{"href":"https:\/\/pos-graduacao.direito.usp.br\/en\/wp-json\/wp\/v2\/pages"}],"about":[{"href":"https:\/\/pos-graduacao.direito.usp.br\/en\/wp-json\/wp\/v2\/types\/page"}],"author":[{"embeddable":true,"href":"https:\/\/pos-graduacao.direito.usp.br\/en\/wp-json\/wp\/v2\/users\/1"}],"replies":[{"embeddable":true,"href":"https:\/\/pos-graduacao.direito.usp.br\/en\/wp-json\/wp\/v2\/comments?post=2951"}],"version-history":[{"count":0,"href":"https:\/\/pos-graduacao.direito.usp.br\/en\/wp-json\/wp\/v2\/pages\/2951\/revisions"}],"wp:attachment":[{"href":"https:\/\/pos-graduacao.direito.usp.br\/en\/wp-json\/wp\/v2\/media?parent=2951"}],"curies":[{"name":"wp","href":"https:\/\/api.w.org\/{rel}","templated":true}]}}